{"id":33,"date":"2018-10-02T12:44:01","date_gmt":"2018-10-02T12:44:01","guid":{"rendered":"http:\/\/cuevaspr.org\/seeni\/?page_id=33"},"modified":"2026-01-27T17:20:27","modified_gmt":"2026-01-27T17:20:27","slug":"espeleorevista","status":"publish","type":"page","link":"https:\/\/cuevaspr.org\/seeni\/?page_id=33","title":{"rendered":"El Explorador"},"content":{"rendered":"\n<p class=\"wp-block-paragraph\">El explorador de SEENI es la publicaci\u00f3n oficial de la Sociedad de Estudios Espeleol\u00f3gicos del Norte, Inc. Se publica cada tres meses. La misma es gratis para los miembros de la sociedad, subscripciones individuales est\u00e1n disponibles a un costo de $12.oo. Ediciones pasadas tambi\u00e9n se pueden encargar. Para m\u00e1s informaci\u00f3n puede comunicarse con Johnsy Carri\u00f3n.<\/p>\n\n\n\n<p class=\"wp-block-paragraph\">\n\n(PORTADA DE ESTE TRIMESTRE)&nbsp;\n\n<\/p>\n\n\n\n<p class=\"wp-block-paragraph\">enero &#8211; marzo 2026<\/p>\n\n\n\n<p class=\"has-text-align-center wp-block-paragraph\" style=\"font-size:55px\">&nbsp;El EXPLORADOR<\/p>\n\n\n\n<p class=\"has-text-align-center wp-block-paragraph\">\u00a0\u00a0\u00a0\u00a0\u00a0\u00a0PUBLICACI\u00d3N OFICIAL DE LA SOCIEDAD DE ESTUDIOS ESPELEOL\u00d3GICOS DEL NORTE, INC.\u00a0<\/p>\n\n\n<div class=\"wp-block-image\">\n<figure class=\"aligncenter size-full is-resized\"><img loading=\"lazy\" decoding=\"async\" width=\"300\" height=\"286\" src=\"https:\/\/cuevaspr.org\/seeni\/wp-content\/uploads\/sites\/3\/2026\/01\/image.png\" alt=\"\" class=\"wp-image-515\" style=\"width:473px;height:auto\" \/><\/figure>\n<\/div>\n\n\n<p class=\"has-text-align-center wp-block-paragraph\">Foto: cuenta Instagram de la UIS<\/p>\n\n\n\n<p class=\"has-text-align-left wp-block-paragraph\"><\/p>\n\n\n\n<p class=\"has-text-align-center wp-block-paragraph\"><br><\/p>\n\n\n\n<p class=\"wp-block-paragraph\"><\/p>\n","protected":false},"excerpt":{"rendered":"<p>El explorador de SEENI es la publicaci\u00f3n oficial de la Sociedad de Estudios Espeleol\u00f3gicos del Norte, Inc. Se publica cada tres meses. La misma es gratis para los miembros de la sociedad, subscripciones individuales est\u00e1n disponibles a un costo de&hellip; <\/p>\n","protected":false},"author":1,"featured_media":0,"parent":0,"menu_order":0,"comment_status":"closed","ping_status":"closed","template":"","meta":{"_crdt_document":"","ngg_post_thumbnail":0,"footnotes":""},"class_list":["post-33","page","type-page","status-publish","hentry"],"aioseo_notices":[],"_links":{"self":[{"href":"https:\/\/cuevaspr.org\/seeni\/index.php?rest_route=\/wp\/v2\/pages\/33","targetHints":{"allow":["GET"]}}],"collection":[{"href":"https:\/\/cuevaspr.org\/seeni\/index.php?rest_route=\/wp\/v2\/pages"}],"about":[{"href":"https:\/\/cuevaspr.org\/seeni\/index.php?rest_route=\/wp\/v2\/types\/page"}],"author":[{"embeddable":true,"href":"https:\/\/cuevaspr.org\/seeni\/index.php?rest_route=\/wp\/v2\/users\/1"}],"replies":[{"embeddable":true,"href":"https:\/\/cuevaspr.org\/seeni\/index.php?rest_route=%2Fwp%2Fv2%2Fcomments&post=33"}],"version-history":[{"count":25,"href":"https:\/\/cuevaspr.org\/seeni\/index.php?rest_route=\/wp\/v2\/pages\/33\/revisions"}],"predecessor-version":[{"id":516,"href":"https:\/\/cuevaspr.org\/seeni\/index.php?rest_route=\/wp\/v2\/pages\/33\/revisions\/516"}],"wp:attachment":[{"href":"https:\/\/cuevaspr.org\/seeni\/index.php?rest_route=%2Fwp%2Fv2%2Fmedia&parent=33"}],"curies":[{"name":"wp","href":"https:\/\/api.w.org\/{rel}","templated":true}]}}