{"id":23,"date":"2018-09-24T11:55:38","date_gmt":"2018-09-24T11:55:38","guid":{"rendered":"http:\/\/cuevaspr.org\/seeni\/?page_id=23"},"modified":"2026-04-21T02:51:46","modified_gmt":"2026-04-21T02:51:46","slug":"bienvenido","status":"publish","type":"page","link":"https:\/\/cuevaspr.org\/seeni\/","title":{"rendered":"Bienvenido"},"content":{"rendered":"\n<p class=\"wp-block-paragraph\">&nbsp;La Sociedad de Estudios Espeleol\u00f3gicos del Norte,&nbsp;Inc. es una organizaci\u00f3n sin fines de lucro, incorporada bajo las leyes del Estado Libre Asociado de Puerto Rico.&nbsp; Sus miembros siguen un \u00fanico inter\u00e9s, proteger el ambiente en especial el mundo subterr\u00e1neo.&nbsp; El prop\u00f3sito de esta sociedad es promover y estimular el inter\u00e9s y el conocimiento de la espeleolog\u00eda como ciencia, adem\u00e1s de proteger y conservar las cuevas, cavernas y sumideros de Puerto Rico.<\/p>\n\n\n\n<p class=\"wp-block-paragraph\">SEENI se re\u00fane el tercer viernes de cada mes de 7:30 a 9:00 pm en la Universidad de Puerto Rico en Arecibo (UPRA). <\/p>\n\n\n\n<p class=\"wp-block-paragraph\"><strong>Pr\u00f3xima reuni\u00f3n: 15 de mayo de 2026<\/strong><\/p>\n\n\n\n<h4 id=\"proposito\" class=\"wp-block-heading\">Prop\u00f3sito<\/h4>\n\n\n\n<p class=\"wp-block-paragraph\">El prop\u00f3sito es&nbsp;promover y estimular el inter\u00e9s y el conocimiento de la espeleolog\u00eda como ciencia, adem\u00e1s de proteger y conservar las cuevas, cavernas y sumideros de Puerto Rico.<\/p>\n\n\n\n<h4 id=\"membresia\" class=\"wp-block-heading\">Membres\u00eda<\/h4>\n\n\n\n<p class=\"wp-block-paragraph\">La membres\u00eda a SEENI tiene un costo de $20 d\u00f3lares al a\u00f1o y la misma vence el 31 de diciembre del a\u00f1o en curso. Con el pago de la membres\u00eda usted recibir\u00e1 copia de El Explorador, publicaci\u00f3n oficial de SEENI.<\/p>\n","protected":false},"excerpt":{"rendered":"<p>&nbsp;La Sociedad de Estudios Espeleol\u00f3gicos del Norte,&nbsp;Inc. es una organizaci\u00f3n sin fines de lucro, incorporada bajo las leyes del Estado Libre Asociado de Puerto Rico.&nbsp; Sus miembros siguen un \u00fanico inter\u00e9s, proteger el ambiente en especial el mundo subterr\u00e1neo.&nbsp; El&hellip; <\/p>\n","protected":false},"author":1,"featured_media":0,"parent":0,"menu_order":0,"comment_status":"closed","ping_status":"closed","template":"","meta":{"_crdt_document":"{\"document\":\"AAAG+v3jjRFiWQgWmhcCCAIIpBkABgIBAgoCQkoAiA8BAgoCQkoAuAMBAgoCNAIIAgjKAUoAvAEBAgoCQgBKACYBAgoCQkoAgAYBAgoCQgBKACYBAgoCQkrGCYABCALMLgoCCLxFCALMLgoCdygDJwAEACcABACBAIQBgQCEACcAKAQnACgBJwAHACgDJwEEACgAJwCHACgDJwEEACgAJwCHACgDJwEEAIQEKAAnAIcAKAMnAQQAKAEnAIcAKAMnAQQAKAAnAIcAKAMnAQQAKAEnAIcAKAMnAQQAKAAnACgBqADE6RvvGnN0YXRldmVyc2lvbmRvY3VtZW50ZGF0ZWRvY3VtZW50c2x1Z2RvY3VtZW50c3RhdHVzZG9jdW1lbnR0aXRsZUJpZW52ZW5pZG9kb2N1bWVudGNvbnRlbnQ8IS0tIHdwOnBhcmFncmFwaCAtLT4KPHA+Jm5ic3A7TGEgU29jaWVkYWQgZGUgRXN0dWRpb3MgRXNwZWxlb2zDs2dpY29zIGRlbCBOb3J0ZSwmbmJzcDtJbmMuIGVzIHVuYSBvcmdhbml6YWNpw7NuIHNpbiBmaW5lcyBkZSBsdWNybywgaW5jb3Jwb3JhZGEgYmFqbyBsYXMgbGV5ZXMgZGVsIEVzdGFkbyBMaWJyZSBBc29jaWFkbyBkZSBQdWVydG8gUmljby4mbmJzcDsgU3VzIG1pZW1icm9zIHNpZ3VlbiB1biDDum5pY28gaW50ZXLDqXMsIHByb3RlZ2VyIGVsIGFtYmllbnRlIGVuIGVzcGVjaWFsIGVsIG11bmRvIHN1YnRlcnLDoW5lby4mbmJzcDsgRWwgcHJvcMOzc2l0byBkZSBlc3RhIHNvY2llZGFkIGVzIHByb21vdmVyIHkgZXN0aW11bGFyIGVsIGludGVyw6lzIHkgZWwgY29ub2NpbWllbnRvIGRlIGxhIGVzcGVsZW9sb2fDrWEgY29tbyBjaWVuY2lhLCBhZGVtw6FzIGRlIHByb3RlZ2VyIHkgY29uc2VydmFyIGxhcyBjdWV2YXMsIGNhdmVybmFzIHkgc3VtaWRlcm9zIGRlIFB1ZXJ0byBSaWNvLjwvcD4KPCEtLSAvd3A6cGFyYWdyYXBoIC0tPgoKPCEtLSB3cDpwYXJhZ3JhcGggLS0+CjxwPlNFRU5JIHNlIHJlw7puZSBlbCB0ZXJjZXIgdmllcm5lcyBkZSBjYWRhIG1lcyBkZSA3OjMwIGEgOTowMCBwbSBlbiBsYSBVbml2ZXJzaWRhZCBkZSBQdWVydG8gUmljbyBlbiBBcmVjaWJvIChVUFJBKS4gPC9wPgo8IS0tIC93cDpwYXJhZ3JhcGggLS0+Cgo8IS0tIHdwOnBhcmFncmFwaCAtLT4KPHA+PHN0cm9uZz5QcsOzeGltYSByZXVuacOzbjogMSBkZSBhIGRlIDIwMjY8L3N0cm9uZz48L3A+CjwhLS0gL3dwOnBhcmFncmFwaCAtLT4KCjwhLS0gd3A6aGVhZGluZyB7ImxldmVsIjo0LCJhbmNob3IiOiJwcm9wb3NpdG8ifSAtLT4KPGg0IGlkPSJwcm9wb3NpdG8iIGNsYXNzPSJ3cC1ibG9jay1oZWFkaW5nIj5Qcm9ww7NzaXRvPC9oND4KPCEtLSAvd3A6aGVhZGluZyAtLT4KCjwhLS0gd3A6cGFyYWdyYXBoIC0tPgo8cD5FbCBwcm9ww7NzaXRvIGVzJm5ic3A7cHJvbW92ZXIgeSBlc3RpbXVsYXIgZWwgaW50ZXLDqXMgeSBlbCBjb25vY2ltaWVudG8gZGUgbGEgZXNwZWxlb2xvZ8OtYSBjb21vIGNpZW5jaWEsIGFkZW3DoXMgZGUgcHJvdGVnZXIgeSBjb25zZXJ2YXIgbGFzIGN1ZXZhcywgY2F2ZXJuYXMgeSBzdW1pZGVyb3MgZGUgUHVlcnRvIFJpY28uPC9wPgo8IS0tIC93cDpwYXJhZ3JhcGggLS0+Cgo8IS0tIHdwOmhlYWRpbmcgeyJsZXZlbCI6NCwiYW5jaG9yIjoibWVtYnJlc2lhIn0gLS0+CjxoNCBpZD0ibWVtYnJlc2lhIiBjbGFzcz0id3AtYmxvY2staGVhZGluZyI+TWVtYnJlc8OtYTwvaDQ+CjwhLS0gL3dwOmhlYWRpbmcgLS0+Cgo8IS0tIHdwOnBhcmFncmFwaCAtLT4KPHA+TGEgbWVtYnJlc8OtYSBhIFNFRU5JIHRpZW5lIHVuIGNvc3RvIGRlICQyMCBkw7NsYXJlcyBhbCBhw7FvIHkgbGEgbWlzbWEgdmVuY2UgZWwgMzEgZGUgZGljaWVtYnJlIGRlbCBhw7FvIGVuIGN1cnNvLiBDb24gZWwgcGFnbyBkZSBsYSBtZW1icmVzw61hIHVzdGVkIHJlY2liaXLDoSBjb3BpYSBkZSBFbCBFeHBsb3JhZG9yLCBwdWJsaWNhY2nDs24gb2ZpY2lhbCBkZSBTRUVOSS48L3A+CjwhLS0gL3dwOnBhcmFncmFwaCAtLT5kb2N1bWVudGV4Y2VycHRkb2N1bWVudGF1dGhvcmRvY3VtZW50ZmVhdHVyZWRfbWVkaWFkb2N1bWVudGNvbW1lbnRfc3RhdHVzZG9jdW1lbnRwaW5nX3N0YXR1c2RvY3VtZW50dGVtcGxhdGVkb2N1bWVudG1ldGFuZ2dfcG9zdF90aHVtYm5haWxmb290bm90ZXNkb2N1bWVudGJsb2Nrc2NsaWVudElkaXNWYWxpZG9yaWdpbmFsQ29udGVudG5hbWVhdHRyaWJ1dGVzY29udGVudCZuYnNwO0xhIFNvY2llZGFkIGRlIEVzdHVkaW9zIEVzcGVsZW9sw7NnaWNvcyBkZWwgTm9ydGUsJm5ic3A7SW5jLiBlcyB1bmEgb3JnYW5pemFjacOzbiBzaW4gZmluZXMgZGUgbHVjcm8sIGluY29ycG9yYWRhIGJham8gbGFzIGxleWVzIGRlbCBFc3RhZG8gTGlicmUgQXNvY2lhZG8gZGUgUHVlcnRvIFJpY28uJm5ic3A7IFN1cyBtaWVtYnJvcyBzaWd1ZW4gdW4gw7puaWNvIGludGVyw6lzLCBwcm90ZWdlciBlbCBhbWJpZW50ZSBlbiBlc3BlY2lhbCBlbCBtdW5kbyBzdWJ0ZXJyw6FuZW8uJm5ic3A7IEVsIHByb3DDs3NpdG8gZGUgZXN0YSBzb2NpZWRhZCBlcyBwcm9tb3ZlciB5IGVzdGltdWxhciBlbCBpbnRlcsOpcyB5IGVsIGNvbm9jaW1pZW50byBkZSBsYSBlc3BlbGVvbG9nw61hIGNvbW8gY2llbmNpYSwgYWRlbcOhcyBkZSBwcm90ZWdlciB5IGNvbnNlcnZhciBsYXMgY3VldmFzLCBjYXZlcm5hcyB5IHN1bWlkZXJvcyBkZSBQdWVydG8gUmljby5kcm9wQ2FwaW5uZXJCbG9ja3NjbGllbnRJZGlzVmFsaWRvcmlnaW5hbENvbnRlbnRuYW1lYXR0cmlidXRlc2NvbnRlbnRTRUVOSSBzZSByZcO6bmUgZWwgdGVyY2VyIHZpZXJuZXMgZGUgY2FkYSBtZXMgZGUgNzozMCBhIDk6MDAgcG0gZW4gbGEgVW5pdmVyc2lkYWQgZGUgUHVlcnRvIFJpY28gZW4gQXJlY2libyAoVVBSQSkuIGRyb3BDYXBpbm5lckJsb2Nrc2NsaWVudElkaXNWYWxpZG9yaWdpbmFsQ29udGVudG5hbWVhdHRyaWJ1dGVzY29udGVudDxzdHJvbmc+UHLDs3hpbWEgcmV1bmnDs246IDE3IGRlIGFicmlsIGRlIDIwMjY8L3N0cm9uZz5kcm9wQ2FwaW5uZXJCbG9ja3NjbGllbnRJZGlzVmFsaWRvcmlnaW5hbENvbnRlbnRuYW1lYXR0cmlidXRlc2NvbnRlbnRQcm9ww7NzaXRvbGV2ZWxhbmNob3Jpbm5lckJsb2Nrc2NsaWVudElkaXNWYWxpZG9yaWdpbmFsQ29udGVudG5hbWVhdHRyaWJ1dGVzY29udGVudEVsIHByb3DDs3NpdG8gZXMmbmJzcDtwcm9tb3ZlciB5IGVzdGltdWxhciBlbCBpbnRlcsOpcyB5IGVsIGNvbm9jaW1pZW50byBkZSBsYSBlc3BlbGVvbG9nw61hIGNvbW8gY2llbmNpYSwgYWRlbcOhcyBkZSBwcm90ZWdlciB5IGNvbnNlcnZhciBsYXMgY3VldmFzLCBjYXZlcm5hcyB5IHN1bWlkZXJvcyBkZSBQdWVydG8gUmljby5kcm9wQ2FwaW5uZXJCbG9ja3NjbGllbnRJZGlzVmFsaWRvcmlnaW5hbENvbnRlbnRuYW1lYXR0cmlidXRlc2NvbnRlbnRNZW1icmVzw61hbGV2ZWxhbmNob3Jpbm5lckJsb2Nrc2NsaWVudElkaXNWYWxpZG9yaWdpbmFsQ29udGVudG5hbWVhdHRyaWJ1dGVzY29udGVudExhIG1lbWJyZXPDrWEgYSBTRUVOSSB0aWVuZSB1biBjb3N0byBkZSAkMjAgZMOzbGFyZXMgYWwgYcOxbyB5IGxhIG1pc21hIHZlbmNlIGVsIDMxIGRlIGRpY2llbWJyZSBkZWwgYcOxbyBlbiBjdXJzby4gQ29uIGVsIHBhZ28gZGUgbGEgbWVtYnJlc8OtYSB1c3RlZCByZWNpYmlyw6EgY29waWEgZGUgRWwgRXhwbG9yYWRvciwgcHVibGljYWNpw7NuIG9maWNpYWwgZGUgU0VFTkkuZHJvcENhcGlubmVyQmxvY2tzc3RhdGVzYXZlZEF0c3RhdGVzYXZlZEJ5NW15bzVteW8FBwgECAQIBggFCggHrQsEAasMCAcIBggOCA4IC0gBBBIJCAYIBw8ECgebBwcLCAcPBAoHswEHCwgHDwQKBxoBBAEEEQcLCAcPBAoHCQUGCwgHDwQKB7cCBwsIBw8ECgcJBQYLCAcPBAoHkAMHCwUHBQdBAAJBAAIRAQQAAAEAAAABBgABAQAAQQEgQgEBAEEAAgBBAAIAQQACAEEAAgBBAAIAQQACAEEAAgAFQQMEQS0BbQB9AXcTMjAxOC0wOS0yNFQxMTo1NTozOHcKYmllbnZlbmlkb3cHcHVibGlzaH0BfQB3BmNsb3NlZHcGY2xvc2VkdwB9AHcAdyRkMmQ4ZWVjMi01MzVmLTQyM2MtYTk0NC0wNTE5MjM0YzYyZjJ4d+sDPHA+Jm5ic3A7TGEgU29jaWVkYWQgZGUgRXN0dWRpb3MgRXNwZWxlb2zDs2dpY29zIGRlbCBOb3J0ZSwmbmJzcDtJbmMuIGVzIHVuYSBvcmdhbml6YWNpw7NuIHNpbiBmaW5lcyBkZSBsdWNybywgaW5jb3Jwb3JhZGEgYmFqbyBsYXMgbGV5ZXMgZGVsIEVzdGFkbyBMaWJyZSBBc29jaWFkbyBkZSBQdWVydG8gUmljby4mbmJzcDsgU3VzIG1pZW1icm9zIHNpZ3VlbiB1biDDum5pY28gaW50ZXLDqXMsIHByb3RlZ2VyIGVsIGFtYmllbnRlIGVuIGVzcGVjaWFsIGVsIG11bmRvIHN1YnRlcnLDoW5lby4mbmJzcDsgRWwgcHJvcMOzc2l0byBkZSBlc3RhIHNvY2llZGFkIGVzIHByb21vdmVyIHkgZXN0aW11bGFyIGVsIGludGVyw6lzIHkgZWwgY29ub2NpbWllbnRvIGRlIGxhIGVzcGVsZW9sb2fDrWEgY29tbyBjaWVuY2lhLCBhZGVtw6FzIGRlIHByb3RlZ2VyIHkgY29uc2VydmFyIGxhcyBjdWV2YXMsIGNhdmVybmFzIHkgc3VtaWRlcm9zIGRlIFB1ZXJ0byBSaWNvLjwvcD53DmNvcmUvcGFyYWdyYXBoeXckYTJlZjI5M2MtYTFjYS00ZDk4LTllODQtOWM3M2YwM2Y3YjEweHd7PHA+U0VFTkkgc2UgcmXDum5lIGVsIHRlcmNlciB2aWVybmVzIGRlIGNhZGEgbWVzIGRlIDc6MzAgYSA5OjAwIHBtIGVuIGxhIFVuaXZlcnNpZGFkIGRlIFB1ZXJ0byBSaWNvIGVuIEFyZWNpYm8gKFVQUkEpLiA8L3A+dw5jb3JlL3BhcmFncmFwaHl3JDUyMmQ1NWM0LWZjNDYtNDg0Ni1iOTE0LTI5NjMzZWY4OTdlNnh3PjxwPjxzdHJvbmc+UHLDs3hpbWEgcmV1bmnDs246IDE3IGRlIGFicmlsIGRlIDIwMjY8L3N0cm9uZz48L3A+dw5jb3JlL3BhcmFncmFwaHl3JDExYjk1ZTI5LWUxYjItNGQ5OS04OTYxLWIwNDk1OGU3NGVmOXh3OzxoNCBpZD0icHJvcG9zaXRvIiBjbGFzcz0id3AtYmxvY2staGVhZGluZyI+UHJvcMOzc2l0bzwvaDQ+dwxjb3JlL2hlYWRpbmd9BHcJcHJvcG9zaXRvdyRhMWQ1N2FmMC1hYzFhLTQ3ZjgtOTc2Ny02N2IzY2MwN2ExZWV4d8IBPHA+RWwgcHJvcMOzc2l0byBlcyZuYnNwO3Byb21vdmVyIHkgZXN0aW11bGFyIGVsIGludGVyw6lzIHkgZWwgY29ub2NpbWllbnRvIGRlIGxhIGVzcGVsZW9sb2fDrWEgY29tbyBjaWVuY2lhLCBhZGVtw6FzIGRlIHByb3RlZ2VyIHkgY29uc2VydmFyIGxhcyBjdWV2YXMsIGNhdmVybmFzIHkgc3VtaWRlcm9zIGRlIFB1ZXJ0byBSaWNvLjwvcD53DmNvcmUvcGFyYWdyYXBoeXckOWY1YjlhYWEtODQ3Zi00NmFiLTgwNmUtMzdlNTU1YjA2MDgzeHc7PGg0IGlkPSJtZW1icmVzaWEiIGNsYXNzPSJ3cC1ibG9jay1oZWFkaW5nIj5NZW1icmVzw61hPC9oND53DGNvcmUvaGVhZGluZ30EdwltZW1icmVzaWF3JDY2ZTkzMmZjLTFmYTAtNDM1ZC1iNGY1LWExYTg1OGQ1MjM3Nnh33gE8cD5MYSBtZW1icmVzw61hIGEgU0VFTkkgdGllbmUgdW4gY29zdG8gZGUgJDIwIGTDs2xhcmVzIGFsIGHDsW8geSBsYSBtaXNtYSB2ZW5jZSBlbCAzMSBkZSBkaWNpZW1icmUgZGVsIGHDsW8gZW4gY3Vyc28uIENvbiBlbCBwYWdvIGRlIGxhIG1lbWJyZXPDrWEgdXN0ZWQgcmVjaWJpcsOhIGNvcGlhIGRlIEVsIEV4cGxvcmFkb3IsIHB1YmxpY2FjacOzbiBvZmljaWFsIGRlIFNFRU5JLjwvcD53DmNvcmUvcGFyYWdyYXBoeXtCedrfS3zgAHtB4RuP70AAAHckZjliNThiNGYtYzZmOS00Njc4LTgxNDUtMzMxOWM4NmIxY2E3Afr+8cYIBf0FAAUDlgsAHwAFAw==\",\"updateId\":297044621}","ngg_post_thumbnail":0,"footnotes":""},"class_list":["post-23","page","type-page","status-publish","hentry"],"aioseo_notices":[],"_links":{"self":[{"href":"https:\/\/cuevaspr.org\/seeni\/index.php?rest_route=\/wp\/v2\/pages\/23","targetHints":{"allow":["GET"]}}],"collection":[{"href":"https:\/\/cuevaspr.org\/seeni\/index.php?rest_route=\/wp\/v2\/pages"}],"about":[{"href":"https:\/\/cuevaspr.org\/seeni\/index.php?rest_route=\/wp\/v2\/types\/page"}],"author":[{"embeddable":true,"href":"https:\/\/cuevaspr.org\/seeni\/index.php?rest_route=\/wp\/v2\/users\/1"}],"replies":[{"embeddable":true,"href":"https:\/\/cuevaspr.org\/seeni\/index.php?rest_route=%2Fwp%2Fv2%2Fcomments&post=23"}],"version-history":[{"count":68,"href":"https:\/\/cuevaspr.org\/seeni\/index.php?rest_route=\/wp\/v2\/pages\/23\/revisions"}],"predecessor-version":[{"id":529,"href":"https:\/\/cuevaspr.org\/seeni\/index.php?rest_route=\/wp\/v2\/pages\/23\/revisions\/529"}],"wp:attachment":[{"href":"https:\/\/cuevaspr.org\/seeni\/index.php?rest_route=%2Fwp%2Fv2%2Fmedia&parent=23"}],"curies":[{"name":"wp","href":"https:\/\/api.w.org\/{rel}","templated":true}]}}